{"id":656,"date":"2022-09-17T16:02:58","date_gmt":"2022-09-17T08:02:58","guid":{"rendered":"https:\/\/www.topsailingparts.com.tw\/?post_type=product&#038;p=656"},"modified":"2026-04-20T11:17:02","modified_gmt":"2026-04-20T03:17:02","slug":"1-2-mm-red-white-16-m-ball-wire-squeeze","status":"publish","type":"product","link":"https:\/\/www.topsailingparts.com.tw\/?product=1-2-mm-red-white-16-m-ball-wire-squeeze","title":{"rendered":"1.2 MM RED WHITE 16 M BALL WIRE SQUEEZE"},"content":{"rendered":"","protected":false},"excerpt":{"rendered":"<p>Optimist \u7d05(\u6df7\u767d)\u8272 \u7d30\u5e06\u7e69<\/p>\n<p>\u54c1\u724c \uff1a OptiNew<\/p>\n<p>Stock Code : 1519<\/p>\n<p>1,2 mm K\u0131rm\u0131z\u0131 Beyaz 16 m Top Tel G\u0131rcala<\/p>\n<p>&nbsp;<\/p>\n","protected":false},"featured_media":657,"template":"","meta":[],"product_cat":[25,21],"product_tag":[],"_links":{"self":[{"href":"https:\/\/www.topsailingparts.com.tw\/index.php?rest_route=\/wp\/v2\/product\/656"}],"collection":[{"href":"https:\/\/www.topsailingparts.com.tw\/index.php?rest_route=\/wp\/v2\/product"}],"about":[{"href":"https:\/\/www.topsailingparts.com.tw\/index.php?rest_route=\/wp\/v2\/types\/product"}],"wp:featuredmedia":[{"embeddable":true,"href":"https:\/\/www.topsailingparts.com.tw\/index.php?rest_route=\/wp\/v2\/media\/657"}],"wp:attachment":[{"href":"https:\/\/www.topsailingparts.com.tw\/index.php?rest_route=%2Fwp%2Fv2%2Fmedia&parent=656"}],"wp:term":[{"taxonomy":"product_cat","embeddable":true,"href":"https:\/\/www.topsailingparts.com.tw\/index.php?rest_route=%2Fwp%2Fv2%2Fproduct_cat&post=656"},{"taxonomy":"product_tag","embeddable":true,"href":"https:\/\/www.topsailingparts.com.tw\/index.php?rest_route=%2Fwp%2Fv2%2Fproduct_tag&post=656"}],"curies":[{"name":"wp","href":"https:\/\/api.w.org\/{rel}","templated":true}]}}